{"id":320,"date":"2022-05-13T11:26:21","date_gmt":"2022-05-13T09:26:21","guid":{"rendered":"https:\/\/rlslex.it\/diego-rufini\/"},"modified":"2022-06-22T16:47:10","modified_gmt":"2022-06-22T14:47:10","slug":"diego-rufini","status":"publish","type":"page","link":"https:\/\/rlslex.it\/en\/diego-rufini\/","title":{"rendered":"Diego Rufini"},"content":{"rendered":"<p>[vc_row css=&#8221;.vc_custom_1652433892763{background-image: url(https:\/\/rlslex.it\/wp-content\/uploads\/2022\/05\/header_Diego_Rufini.jpg?id=139) !important;background-position: center !important;background-repeat: no-repeat !important;background-size: cover !important;}&#8221; el_id=&#8221;header_page&#8221;][vc_column][\/vc_column][\/vc_row][vc_row el_class=&#8221;boxed&#8221;][vc_column width=&#8221;1\/6&#8243;][\/vc_column][vc_column width=&#8221;2\/3&#8243;][vc_column_text]He deals, both in and out of court, with corporate law, business crisis law and banking law, also providing clients with assistance and advice in corporate reorganisation and restructuring operations.<br \/>\nAfter graduating with honours in Law from the University of Bologna, he obtained a PhD in Banking Law and Legislation from the University of Siena.<br \/>\nHe is a member of the Bologna Bar Association and a member of the Register of Lawyers (Lawyers qualified to practice at the Supreme Court).<br \/>\nHe teaches Commercial Law at the School of Specialisation for Legal Professions at the University of Bologna. He is a speaker at a number of seminars and conferences on corporate and banking law and the author of several publications on the same subjects.<br \/>\nHe is a member of the Corporate Law Working Group of ASLA Associazione degli Studi Legali Associati.<\/p>\n<p>Email: <a href=\"mailto:d.rufini@rlslex.it\">d.rufini@rlslex.it<\/a>[\/vc_column_text][\/vc_column][vc_column width=&#8221;1\/6&#8243;][\/vc_column][\/vc_row][vc_row disable_element=&#8221;yes&#8221;][vc_column][vc_column_text el_class=&#8221;aforisma_soci&#8221;]<\/p>\n<h2>\u201cDove c\u2019\u00e8 una grande volont\u00e0 non possono esserci grandi difficolt\u00e0\u201d<\/h2>\n<h2>Niccol\u00f2 Macchiavelli<\/h2>\n<p>[\/vc_column_text][\/vc_column][\/vc_row]<\/p>\n","protected":false},"excerpt":{"rendered":"<p>[vc_row css=&#8221;.vc_custom_1652433892763{background-image: url(https:\/\/rlslex.it\/wp-content\/uploads\/2022\/05\/header_Diego_Rufini.jpg?id=139) !important;background-position: center !important;background-repeat: no-repeat !important;background-size: cover !important;}&#8221; el_id=&#8221;header_page&#8221;][vc_column][\/vc_column][\/vc_row][vc_row el_class=&#8221;boxed&#8221;][vc_column width=&#8221;1\/6&#8243;][\/vc_column][vc_column width=&#8221;2\/3&#8243;][vc_column_text]He deals, both in and out of court, with corporate law, business crisis law and banking law, also providing clients with assistance and advice in corporate reorganisation &hellip;<\/p>\n<p class=\"read-more\"> <a class=\"more-link\" href=\"https:\/\/rlslex.it\/en\/diego-rufini\/\"> <span class=\"screen-reader-text\">Diego Rufini<\/span> Read More &raquo;<\/a><\/p>\n","protected":false},"author":1,"featured_media":0,"parent":0,"menu_order":0,"comment_status":"closed","ping_status":"closed","template":"","meta":{"inline_featured_image":false,"footnotes":""},"class_list":["post-320","page","type-page","status-publish","hentry"],"yoast_head":"<!-- This site is optimized with the Yoast SEO plugin v19.13 - https:\/\/yoast.com\/wordpress\/plugins\/seo\/ -->\n<title>Diego Rufini | RLS - Studio Legale Associato<\/title>\n<meta name=\"robots\" content=\"index, follow, max-snippet:-1, max-image-preview:large, max-video-preview:-1\" \/>\n<link rel=\"canonical\" href=\"https:\/\/rlslex.it\/en\/diego-rufini\/\" \/>\n<meta property=\"og:locale\" content=\"en_US\" \/>\n<meta property=\"og:type\" content=\"article\" \/>\n<meta property=\"og:title\" content=\"Diego Rufini | RLS - Studio Legale Associato\" \/>\n<meta property=\"og:description\" content=\"[vc_row css=&#8221;.vc_custom_1652433892763{background-image: url(https:\/\/rlslex.it\/wp-content\/uploads\/2022\/05\/header_Diego_Rufini.jpg?id=139) !important;background-position: center !important;background-repeat: no-repeat !important;background-size: cover !important;}&#8221; el_id=&#8221;header_page&#8221;][vc_column][\/vc_column][\/vc_row][vc_row el_class=&#8221;boxed&#8221;][vc_column width=&#8221;1\/6&#8243;][\/vc_column][vc_column width=&#8221;2\/3&#8243;][vc_column_text]He deals, both in and out of court, with corporate law, business crisis law and banking law, also providing clients with assistance and advice in corporate reorganisation &hellip; Diego Rufini Read More &raquo;\" \/>\n<meta property=\"og:url\" content=\"https:\/\/rlslex.it\/en\/diego-rufini\/\" \/>\n<meta property=\"og:site_name\" content=\"RLS - Studio Legale Associato\" \/>\n<meta property=\"article:modified_time\" content=\"2022-06-22T14:47:10+00:00\" \/>\n<meta name=\"twitter:card\" content=\"summary_large_image\" \/>\n<script type=\"application\/ld+json\" class=\"yoast-schema-graph\">{\"@context\":\"https:\/\/schema.org\",\"@graph\":[{\"@type\":\"WebPage\",\"@id\":\"https:\/\/rlslex.it\/en\/diego-rufini\/\",\"url\":\"https:\/\/rlslex.it\/en\/diego-rufini\/\",\"name\":\"Diego Rufini | RLS - Studio Legale Associato\",\"isPartOf\":{\"@id\":\"https:\/\/rlslex.it\/#website\"},\"datePublished\":\"2022-05-13T09:26:21+00:00\",\"dateModified\":\"2022-06-22T14:47:10+00:00\",\"breadcrumb\":{\"@id\":\"https:\/\/rlslex.it\/en\/diego-rufini\/#breadcrumb\"},\"inLanguage\":\"en-US\",\"potentialAction\":[{\"@type\":\"ReadAction\",\"target\":[\"https:\/\/rlslex.it\/en\/diego-rufini\/\"]}]},{\"@type\":\"BreadcrumbList\",\"@id\":\"https:\/\/rlslex.it\/en\/diego-rufini\/#breadcrumb\",\"itemListElement\":[{\"@type\":\"ListItem\",\"position\":1,\"name\":\"Home\",\"item\":\"https:\/\/rlslex.it\/en\/\"},{\"@type\":\"ListItem\",\"position\":2,\"name\":\"Diego Rufini\"}]},{\"@type\":\"WebSite\",\"@id\":\"https:\/\/rlslex.it\/#website\",\"url\":\"https:\/\/rlslex.it\/\",\"name\":\"RLS - Studio Legale Associato\",\"description\":\"Studio Legale Associato Bologna Imola Milano Roma\",\"publisher\":{\"@id\":\"https:\/\/rlslex.it\/#organization\"},\"potentialAction\":[{\"@type\":\"SearchAction\",\"target\":{\"@type\":\"EntryPoint\",\"urlTemplate\":\"https:\/\/rlslex.it\/?s={search_term_string}\"},\"query-input\":\"required name=search_term_string\"}],\"inLanguage\":\"en-US\"},{\"@type\":\"Organization\",\"@id\":\"https:\/\/rlslex.it\/#organization\",\"name\":\"RLS - Studio Legale Associato\",\"url\":\"https:\/\/rlslex.it\/\",\"logo\":{\"@type\":\"ImageObject\",\"inLanguage\":\"en-US\",\"@id\":\"https:\/\/rlslex.it\/#\/schema\/logo\/image\/\",\"url\":\"https:\/\/rlslex.it\/wp-content\/uploads\/2022\/05\/cropped-favicon.png\",\"contentUrl\":\"https:\/\/rlslex.it\/wp-content\/uploads\/2022\/05\/cropped-favicon.png\",\"width\":512,\"height\":512,\"caption\":\"RLS - Studio Legale Associato\"},\"image\":{\"@id\":\"https:\/\/rlslex.it\/#\/schema\/logo\/image\/\"}}]}<\/script>\n<!-- \/ Yoast SEO plugin. -->","yoast_head_json":{"title":"Diego Rufini | RLS - Studio Legale Associato","robots":{"index":"index","follow":"follow","max-snippet":"max-snippet:-1","max-image-preview":"max-image-preview:large","max-video-preview":"max-video-preview:-1"},"canonical":"https:\/\/rlslex.it\/en\/diego-rufini\/","og_locale":"en_US","og_type":"article","og_title":"Diego Rufini | RLS - Studio Legale Associato","og_description":"[vc_row css=&#8221;.vc_custom_1652433892763{background-image: url(https:\/\/rlslex.it\/wp-content\/uploads\/2022\/05\/header_Diego_Rufini.jpg?id=139) !important;background-position: center !important;background-repeat: no-repeat !important;background-size: cover !important;}&#8221; el_id=&#8221;header_page&#8221;][vc_column][\/vc_column][\/vc_row][vc_row el_class=&#8221;boxed&#8221;][vc_column width=&#8221;1\/6&#8243;][\/vc_column][vc_column width=&#8221;2\/3&#8243;][vc_column_text]He deals, both in and out of court, with corporate law, business crisis law and banking law, also providing clients with assistance and advice in corporate reorganisation &hellip; Diego Rufini Read More &raquo;","og_url":"https:\/\/rlslex.it\/en\/diego-rufini\/","og_site_name":"RLS - Studio Legale Associato","article_modified_time":"2022-06-22T14:47:10+00:00","twitter_card":"summary_large_image","schema":{"@context":"https:\/\/schema.org","@graph":[{"@type":"WebPage","@id":"https:\/\/rlslex.it\/en\/diego-rufini\/","url":"https:\/\/rlslex.it\/en\/diego-rufini\/","name":"Diego Rufini | RLS - Studio Legale Associato","isPartOf":{"@id":"https:\/\/rlslex.it\/#website"},"datePublished":"2022-05-13T09:26:21+00:00","dateModified":"2022-06-22T14:47:10+00:00","breadcrumb":{"@id":"https:\/\/rlslex.it\/en\/diego-rufini\/#breadcrumb"},"inLanguage":"en-US","potentialAction":[{"@type":"ReadAction","target":["https:\/\/rlslex.it\/en\/diego-rufini\/"]}]},{"@type":"BreadcrumbList","@id":"https:\/\/rlslex.it\/en\/diego-rufini\/#breadcrumb","itemListElement":[{"@type":"ListItem","position":1,"name":"Home","item":"https:\/\/rlslex.it\/en\/"},{"@type":"ListItem","position":2,"name":"Diego Rufini"}]},{"@type":"WebSite","@id":"https:\/\/rlslex.it\/#website","url":"https:\/\/rlslex.it\/","name":"RLS - Studio Legale Associato","description":"Studio Legale Associato Bologna Imola Milano Roma","publisher":{"@id":"https:\/\/rlslex.it\/#organization"},"potentialAction":[{"@type":"SearchAction","target":{"@type":"EntryPoint","urlTemplate":"https:\/\/rlslex.it\/?s={search_term_string}"},"query-input":"required name=search_term_string"}],"inLanguage":"en-US"},{"@type":"Organization","@id":"https:\/\/rlslex.it\/#organization","name":"RLS - Studio Legale Associato","url":"https:\/\/rlslex.it\/","logo":{"@type":"ImageObject","inLanguage":"en-US","@id":"https:\/\/rlslex.it\/#\/schema\/logo\/image\/","url":"https:\/\/rlslex.it\/wp-content\/uploads\/2022\/05\/cropped-favicon.png","contentUrl":"https:\/\/rlslex.it\/wp-content\/uploads\/2022\/05\/cropped-favicon.png","width":512,"height":512,"caption":"RLS - Studio Legale Associato"},"image":{"@id":"https:\/\/rlslex.it\/#\/schema\/logo\/image\/"}}]}},"_links":{"self":[{"href":"https:\/\/rlslex.it\/en\/wp-json\/wp\/v2\/pages\/320","targetHints":{"allow":["GET"]}}],"collection":[{"href":"https:\/\/rlslex.it\/en\/wp-json\/wp\/v2\/pages"}],"about":[{"href":"https:\/\/rlslex.it\/en\/wp-json\/wp\/v2\/types\/page"}],"author":[{"embeddable":true,"href":"https:\/\/rlslex.it\/en\/wp-json\/wp\/v2\/users\/1"}],"replies":[{"embeddable":true,"href":"https:\/\/rlslex.it\/en\/wp-json\/wp\/v2\/comments?post=320"}],"version-history":[{"count":1,"href":"https:\/\/rlslex.it\/en\/wp-json\/wp\/v2\/pages\/320\/revisions"}],"predecessor-version":[{"id":322,"href":"https:\/\/rlslex.it\/en\/wp-json\/wp\/v2\/pages\/320\/revisions\/322"}],"wp:attachment":[{"href":"https:\/\/rlslex.it\/en\/wp-json\/wp\/v2\/media?parent=320"}],"curies":[{"name":"wp","href":"https:\/\/api.w.org\/{rel}","templated":true}]}}